{"id":75,"date":"2021-01-28T21:45:42","date_gmt":"2021-01-28T20:45:42","guid":{"rendered":"https:\/\/obchod.vcelarstvimisa.cz\/?post_type=product&#038;p=75"},"modified":"2023-12-06T14:12:30","modified_gmt":"2023-12-06T13:12:30","slug":"vickovice-05l-merunka","status":"publish","type":"product","link":"https:\/\/obchod.vcelarstvimisa.cz\/?product=vickovice-05l-merunka","title":{"rendered":"V\u00ed\u010dkovice 0,5l &#8211; meru\u0148ka"},"content":{"rendered":"","protected":false},"excerpt":{"rendered":"<p>V\u00ed\u010dkovice 0,5l &#8211; meru\u0148ka je medov\u00fd lik\u00e9r s obsahem v\u010del\u00edho vosku a propolisu.<\/p>\n","protected":false},"featured_media":168,"template":"","meta":[],"product_cat":[16],"product_tag":[],"_links":{"self":[{"href":"https:\/\/obchod.vcelarstvimisa.cz\/index.php?rest_route=\/wp\/v2\/product\/75"}],"collection":[{"href":"https:\/\/obchod.vcelarstvimisa.cz\/index.php?rest_route=\/wp\/v2\/product"}],"about":[{"href":"https:\/\/obchod.vcelarstvimisa.cz\/index.php?rest_route=\/wp\/v2\/types\/product"}],"wp:featuredmedia":[{"embeddable":true,"href":"https:\/\/obchod.vcelarstvimisa.cz\/index.php?rest_route=\/wp\/v2\/media\/168"}],"wp:attachment":[{"href":"https:\/\/obchod.vcelarstvimisa.cz\/index.php?rest_route=%2Fwp%2Fv2%2Fmedia&parent=75"}],"wp:term":[{"taxonomy":"product_cat","embeddable":true,"href":"https:\/\/obchod.vcelarstvimisa.cz\/index.php?rest_route=%2Fwp%2Fv2%2Fproduct_cat&post=75"},{"taxonomy":"product_tag","embeddable":true,"href":"https:\/\/obchod.vcelarstvimisa.cz\/index.php?rest_route=%2Fwp%2Fv2%2Fproduct_tag&post=75"}],"curies":[{"name":"wp","href":"https:\/\/api.w.org\/{rel}","templated":true}]}}