{"id":73,"date":"2021-01-28T21:29:09","date_gmt":"2021-01-28T20:29:09","guid":{"rendered":"https:\/\/obchod.vcelarstvimisa.cz\/?post_type=product&#038;p=73"},"modified":"2023-12-06T14:13:52","modified_gmt":"2023-12-06T13:13:52","slug":"vickovice-025l-svestka","status":"publish","type":"product","link":"https:\/\/obchod.vcelarstvimisa.cz\/?product=vickovice-025l-svestka","title":{"rendered":"V\u00ed\u010dkovice 0,2l &#8211; \u0161vestka"},"content":{"rendered":"","protected":false},"excerpt":{"rendered":"<p>V\u00ed\u010dkovice 0,2l &#8211; \u0161vestka je medov\u00fd lik\u00e9r s obsahem v\u010del\u00edho vosku a propolisu.<\/p>\n","protected":false},"featured_media":170,"template":"","meta":[],"product_cat":[16],"product_tag":[],"_links":{"self":[{"href":"https:\/\/obchod.vcelarstvimisa.cz\/index.php?rest_route=\/wp\/v2\/product\/73"}],"collection":[{"href":"https:\/\/obchod.vcelarstvimisa.cz\/index.php?rest_route=\/wp\/v2\/product"}],"about":[{"href":"https:\/\/obchod.vcelarstvimisa.cz\/index.php?rest_route=\/wp\/v2\/types\/product"}],"wp:featuredmedia":[{"embeddable":true,"href":"https:\/\/obchod.vcelarstvimisa.cz\/index.php?rest_route=\/wp\/v2\/media\/170"}],"wp:attachment":[{"href":"https:\/\/obchod.vcelarstvimisa.cz\/index.php?rest_route=%2Fwp%2Fv2%2Fmedia&parent=73"}],"wp:term":[{"taxonomy":"product_cat","embeddable":true,"href":"https:\/\/obchod.vcelarstvimisa.cz\/index.php?rest_route=%2Fwp%2Fv2%2Fproduct_cat&post=73"},{"taxonomy":"product_tag","embeddable":true,"href":"https:\/\/obchod.vcelarstvimisa.cz\/index.php?rest_route=%2Fwp%2Fv2%2Fproduct_tag&post=73"}],"curies":[{"name":"wp","href":"https:\/\/api.w.org\/{rel}","templated":true}]}}