{"id":172,"date":"2023-11-17T17:13:58","date_gmt":"2023-11-17T16:13:58","guid":{"rendered":"https:\/\/obchod.vcelarstvimisa.cz\/?post_type=product&#038;p=172"},"modified":"2023-12-06T14:09:05","modified_gmt":"2023-12-06T13:09:05","slug":"vickovice-05l-jablko","status":"publish","type":"product","link":"https:\/\/obchod.vcelarstvimisa.cz\/?product=vickovice-05l-jablko","title":{"rendered":"V\u00ed\u010dkovice 0,5l &#8211; jablko"},"content":{"rendered":"","protected":false},"excerpt":{"rendered":"<p>V\u00ed\u010dkovice 0,5l &#8211; jablko je medov\u00fd lik\u00e9r s obsahem v\u010del\u00edho vosku a propolisu.<\/p>\n","protected":false},"featured_media":173,"template":"","meta":[],"product_cat":[16],"product_tag":[],"_links":{"self":[{"href":"https:\/\/obchod.vcelarstvimisa.cz\/index.php?rest_route=\/wp\/v2\/product\/172"}],"collection":[{"href":"https:\/\/obchod.vcelarstvimisa.cz\/index.php?rest_route=\/wp\/v2\/product"}],"about":[{"href":"https:\/\/obchod.vcelarstvimisa.cz\/index.php?rest_route=\/wp\/v2\/types\/product"}],"wp:featuredmedia":[{"embeddable":true,"href":"https:\/\/obchod.vcelarstvimisa.cz\/index.php?rest_route=\/wp\/v2\/media\/173"}],"wp:attachment":[{"href":"https:\/\/obchod.vcelarstvimisa.cz\/index.php?rest_route=%2Fwp%2Fv2%2Fmedia&parent=172"}],"wp:term":[{"taxonomy":"product_cat","embeddable":true,"href":"https:\/\/obchod.vcelarstvimisa.cz\/index.php?rest_route=%2Fwp%2Fv2%2Fproduct_cat&post=172"},{"taxonomy":"product_tag","embeddable":true,"href":"https:\/\/obchod.vcelarstvimisa.cz\/index.php?rest_route=%2Fwp%2Fv2%2Fproduct_tag&post=172"}],"curies":[{"name":"wp","href":"https:\/\/api.w.org\/{rel}","templated":true}]}}