{"id":51,"date":"2021-01-11T12:00:59","date_gmt":"2021-01-11T11:00:59","guid":{"rendered":"https:\/\/obchod.vcelarstvimisa.cz\/?page_id=51"},"modified":"2022-07-07T15:38:30","modified_gmt":"2022-07-07T13:38:30","slug":"kontakty","status":"publish","type":"page","link":"https:\/\/obchod.vcelarstvimisa.cz\/?page_id=51","title":{"rendered":"Kontakty"},"content":{"rendered":"<p><strong>Adresa prodejny:<\/strong><br \/>\nAlena Sta\u0161kov\u00e1<br \/>\nHlubok\u00e1 789<br \/>\nZl\u00edn, 760 01<br \/>\nTelefon: +420 731 495 708<br \/>\nE-mail:\u00a0info@vcelarstvimisa.cz<br \/>\n<strong>Otev\u00edrac\u00ed doba:<\/strong><br \/>\nPond\u011bl\u00ed \u2013 P\u00e1tek<br \/>\nod 8:30 do 18:00 hodin<\/p>\n<p><strong>S\u00eddlo:<\/strong><br \/>\nJaroslav Sta\u0161ek<br \/>\nP\u00fachovsk\u00e1 2341\/4<br \/>\nPraha 4, 141 00<br \/>\nI\u010cO: 105 71 868<\/p>\n","protected":false},"excerpt":{"rendered":"<p>Adresa prodejny: Alena Sta\u0161kov\u00e1 Hlubok\u00e1 789 Zl\u00edn, 760 01 Telefon: +420 731 495 708 E-mail:\u00a0info@vcelarstvimisa.cz Otev\u00edrac\u00ed doba: Pond\u011bl\u00ed \u2013 P\u00e1tek od 8:30 do 18:00 hodin S\u00eddlo: Jaroslav Sta\u0161ek P\u00fachovsk\u00e1 2341\/4 Praha 4, 141 00 I\u010cO: 105 71 868<\/p>\n","protected":false},"author":1,"featured_media":0,"parent":0,"menu_order":8,"comment_status":"closed","ping_status":"closed","template":"","meta":[],"_links":{"self":[{"href":"https:\/\/obchod.vcelarstvimisa.cz\/index.php?rest_route=\/wp\/v2\/pages\/51"}],"collection":[{"href":"https:\/\/obchod.vcelarstvimisa.cz\/index.php?rest_route=\/wp\/v2\/pages"}],"about":[{"href":"https:\/\/obchod.vcelarstvimisa.cz\/index.php?rest_route=\/wp\/v2\/types\/page"}],"author":[{"embeddable":true,"href":"https:\/\/obchod.vcelarstvimisa.cz\/index.php?rest_route=\/wp\/v2\/users\/1"}],"replies":[{"embeddable":true,"href":"https:\/\/obchod.vcelarstvimisa.cz\/index.php?rest_route=%2Fwp%2Fv2%2Fcomments&post=51"}],"version-history":[{"count":6,"href":"https:\/\/obchod.vcelarstvimisa.cz\/index.php?rest_route=\/wp\/v2\/pages\/51\/revisions"}],"predecessor-version":[{"id":126,"href":"https:\/\/obchod.vcelarstvimisa.cz\/index.php?rest_route=\/wp\/v2\/pages\/51\/revisions\/126"}],"wp:attachment":[{"href":"https:\/\/obchod.vcelarstvimisa.cz\/index.php?rest_route=%2Fwp%2Fv2%2Fmedia&parent=51"}],"curies":[{"name":"wp","href":"https:\/\/api.w.org\/{rel}","templated":true}]}}